{"id":2,"date":"2025-02-26T10:59:37","date_gmt":"2025-02-26T09:59:37","guid":{"rendered":"http:\/\/ecrireetconseiller.fr\/?page_id=2"},"modified":"2025-06-05T15:03:12","modified_gmt":"2025-06-05T13:03:12","slug":"recits","status":"publish","type":"page","link":"https:\/\/ecrireetconseiller.fr\/index.php\/recits\/","title":{"rendered":"R\u00e9cits biographiques et conseil en \u00e9criture"},"content":{"rendered":"\n<h1 class=\"wp-block-heading\" style=\"font-size:32px\">R\u00e9cits biographiques<\/h1>\n\n\n\n<h2 class=\"wp-block-heading\" style=\"font-size:26px\">S\u2019ouvrir \u00e0 soi, s\u2019ouvrir aux autres<\/h2>\n\n\n\n<p class=\"has-ast-global-color-8-color has-text-color has-link-color wp-elements-6036abf0f921369f06a8b36197d101f1\">Votre vie est intimement li\u00e9e \u00e0 celle de vos proches. C\u2019est pourquoi la r\u00e9alisation d\u2019un ouvrage papier (et\/ou num\u00e9rique, si demand\u00e9) dans une d\u00e9marche de transmission est une id\u00e9e, somme toute, tr\u00e8s altruiste. Parler de soi aux autres, de ses relations, communiquer ce que l\u2019on a r\u00e9alis\u00e9, ce que l\u2019on a \u00e9t\u00e9, para\u00eet essentiel pour la famille et les proches. Prenez le temps de me confier vos souvenirs, je les mettrai sur papier, je les transformerai en textes publi\u00e9s. Aussi, les carnets de voyage, les r\u00e9cits avec photos constituent un choix d\u2019ouvrage imag\u00e9 transcendant.<\/p>\n\n\n\n<h2 class=\"wp-block-heading has-ast-global-color-8-color has-text-color has-link-color wp-elements-b8054976405ff2ddfb01185ac226e6ed\" style=\"font-size:26px\">Mes atouts<\/h2>\n\n\n\n<p class=\"has-ast-global-color-8-color has-text-color has-link-color wp-elements-589163f63c089daa7a1d129212e177b7\">Je pars d\u2019une exp\u00e9rience et d\u2019une comp\u00e9tence en la mati\u00e8re, ainsi que d\u2019une formation \u00e0 la Sorbonne. J&#8217;ai accompli cette derni\u00e8re dans le but de parfaire mon \u00e9criture et mon relationnel.  Ainsi, je vous propose de partir de votre r\u00e9cit oral pour le coucher par \u00e9crit. Form\u00e9 sur Word et InDesign, je sais \u00e9galement retoucher des photos et mettre en page pour \u00e9dition. Avant tout, je m\u2019adapte au r\u00e9cit afin de le restituer fid\u00e8lement. Vous \u00eates le personnage central du texte, vous le resterez. Vos traits de caract\u00e8re, votre fa\u00e7on de parler et votre histoire seront respect\u00e9s. En donnant libre cours \u00e0 la parole, je pourrais vous amener, dans une relation de confiance, \u00e0 une projection sinc\u00e8re de vous-m\u00eame.<\/p>\n\n\n\n<h2 class=\"wp-block-heading has-ast-global-color-8-color has-text-color has-link-color wp-elements-3a008c5a52ddda0fe8135a9975e32563\" style=\"font-size:26px\">D\u00e9roulement<\/h2>\n\n\n\n<p class=\"has-ast-global-color-8-color has-text-color has-link-color wp-elements-703b538a597d5f211f20cda829fd6721\">Une premi\u00e8re rencontre est \u00e0 pr\u00e9voir afin de d\u00e9terminer les contours du r\u00e9cit, ainsi que la mani\u00e8re de proc\u00e9der. Un contrat est sign\u00e9 quand toutes les parties sont d\u2019accord. Ce contrat stipule plusieurs articles, dont ceux qui suivent\u00a0:<br><em>\u2013\u00a0le biographe s\u2019engage \u00e0 respecter le secret professionnel concernant les informations fournies par le commanditaire\u2009;<\/em><br><em>\u2013\u00a0il enregistre sur dictaphone et prend des notes, met en \u00e9criture et met en forme\u2009;<\/em><br><em>\u2013\u00a0il offre la possibilit\u00e9 d\u2019ajouter des photographies et autres documents (tarification en surco\u00fbt de travail)\u2009;<\/em><br><em>\u2013\u00a0il suit la fabrication du livre, la plupart du temps imprim\u00e9 (\u00e0 la charge du commanditaire)\u2009;<\/em><br><em>\u2013\u00a0il respecte les dates dans la mesure du possible, avec accord pr\u00e9alable sur la livraison\u2009;<\/em><br><em>\u2013\u00a0il apporte de la s\u00e9curit\u00e9 par rapport au mode d\u2019exploitation, de diffusion ou de reproduction.<\/em><br>Vous trouverez <a href=\"https:\/\/ecrireetconseiller.fr\/wp-content\/uploads\/2025\/06\/CONTRAT-type-ECRITURE-DE-RECIT-DE-VIE.pdf\">en lien le contrat type<\/a> propos\u00e9 commun\u00e9ment, mais souvent adapt\u00e9 \u00e0 la situation.<\/p>\n\n\n\n<pre style=\"background-image:url(&apos;https:\/\/ecrireetconseiller.fr\/wp-content\/uploads\/2025\/06\/ai-generated-9010145_640.webp&apos;);background-position:45% 77%;background-size:cover;\" class=\"wp-block-verse has-ast-global-color-5-color has-text-color has-link-color wp-elements-038412dacebc0c26033054289e6d13e7 has-background\" id=\"M\u00e9diation-culturelle\">Qui n\u2019a jamais r\u00eav\u00e9 de coucher sur papier ou sur livre num\u00e9rique le r\u00e9cit de sa vie\u2009? La transmission pour les g\u00e9n\u00e9rations suivantes rev\u00eat de plus en plus d\u2019importance aujourd\u2019hui. En effet, la soci\u00e9t\u00e9, plus individualiste qu\u2019avant, a besoin de toujours plus de partage pour tenir son r\u00f4le de m\u00e9diation. Je vous propose de traiter du pass\u00e9 pour garnir le futur, de mettre en exergue vos<br>valeurs ou bien celles de vos proches. Le r\u00e9cit de vie est un acte qui peut \u00eatre imagin\u00e9 comme bon vous semble. Il peut s\u2019appuyer sur des photos, \u00eatre un r\u00e9cit romanc\u00e9, constituer une suite de t\u00e9moignages.<\/pre>\n\n\n\n<h1 class=\"wp-block-heading has-ast-global-color-8-color has-text-color has-link-color wp-elements-494a2fa87bfe998d230a2b2f06a85a88\" style=\"font-size:32px\">Au-del\u00e0 de la simple biographie, les conseils d&#8217;un coach ?<\/h1>\n\n\n\n<p class=\"has-ast-global-color-8-color has-text-color has-link-color wp-elements-66e314efdb2b93515d85e33ea05b3067\">Vous avez des projets d\u2019\u00e9criture, mais vous ne savez pas par o\u00f9 commencer ? Vous vous sentez bloqu\u00e9(e) et avez besoin d\u2019un accompagnement sur mesure\u2009? En tant que&nbsp;<strong>conseiller en \u00e9criture<\/strong>, je vous propose un suivi personnalis\u00e9 pour vous aider \u00e0 structurer vos id\u00e9es, affiner votre style et surmonter les obstacles cr\u00e9atifs. Que vous souhaitiez r\u00e9diger un r\u00e9cit de vie, une biographie, ou tout autre projet litt\u00e9raire, mon r\u00f4le est de vous guider pas \u00e0 pas vers l\u2019accomplissement de vos objectifs.<\/p>\n\n\n\n<h2 class=\"wp-block-heading has-ast-global-color-8-color has-text-color has-link-color wp-elements-d6f8c197ef881ca66d1b3239e4acc7e1\" style=\"font-size:26px\">Mon approche<\/h2>\n\n\n\n<p class=\"has-ast-global-color-8-color has-text-color has-link-color wp-elements-cd69941df55e5391a015c6409743a815\">Mon approche de&nbsp;<strong>coach en \u00e9criture<\/strong>&nbsp;s\u2019adapte \u00e0 vos besoins sp\u00e9cifiques. Nous d\u00e9finirons ensemble un plan d\u2019action, qu\u2019il s\u2019agisse de&nbsp;:<br>\u2013&nbsp;travailler la coh\u00e9rence de votre intrigue ou de votre propos ;<br>\u2013&nbsp;am\u00e9liorer la fluidit\u00e9 et la richesse de votre langage\u2009;<br>\u2013&nbsp;d\u00e9velopper votre confiance en vos capacit\u00e9s d\u2019\u00e9criture\u2009;<br>\u2013&nbsp;mettre en place une routine d\u2019\u00e9criture efficace.<\/p>\n\n\n\n<p class=\"has-ast-global-color-8-color has-text-color has-link-color wp-elements-5308b1f8357752f20c8e3ffba755ea7f\">Gr\u00e2ce \u00e0 mes ann\u00e9es d\u2019exp\u00e9rience et ma formation dipl\u00f4mante, je vous offre un regard ext\u00e9rieur expert et bienveillant. L\u2019accompagnement d\u2019un&nbsp;<strong>coach en \u00e9criture<\/strong>&nbsp;est un investissement pr\u00e9cieux pour concr\u00e9tiser vos aspirations litt\u00e9raires. Donnez vie \u00e0 vos mots avec justesse et impact\u2009!<\/p>\n\n\n\n<blockquote class=\"wp-block-quote is-layout-flow wp-block-quote-is-layout-flow\">\n<figure class=\"wp-block-pullquote alignwide has-ast-global-color-8-color has-text-color has-link-color wp-elements-ff8101a76bb9a1ca109c950feec274e0\"><blockquote><p><strong>\u00ab\u2009<em>Parler de soi est un plaisir immense, pour soi comme pour les autres.\u2009\u00bb<\/em><\/strong><\/p><cite>Auteur anonyme, XXI<sup>e<\/sup> si\u00e8cle<\/cite><\/blockquote><\/figure>\n<\/blockquote>\n\n\n\n<p><\/p>\n","protected":false},"excerpt":{"rendered":"<p>R\u00e9cits biographiques S\u2019ouvrir \u00e0 soi, s\u2019ouvrir aux autres Votre vie est intimement li\u00e9e \u00e0 celle de vos proches. C\u2019est pourquoi [&hellip;]<\/p>\n","protected":false},"author":1,"featured_media":0,"parent":0,"menu_order":5,"comment_status":"closed","ping_status":"open","template":"","meta":{"site-sidebar-layout":"default","site-content-layout":"","ast-site-content-layout":"","site-content-style":"default","site-sidebar-style":"default","ast-global-header-display":"","ast-banner-title-visibility":"","ast-main-header-display":"","ast-hfb-above-header-display":"","ast-hfb-below-header-display":"","ast-hfb-mobile-header-display":"","site-post-title":"disabled","ast-breadcrumbs-content":"","ast-featured-img":"","footer-sml-layout":"","ast-disable-related-posts":"","theme-transparent-header-meta":"","adv-header-id-meta":"","stick-header-meta":"","header-above-stick-meta":"","header-main-stick-meta":"","header-below-stick-meta":"","astra-migrate-meta-layouts":"default","ast-page-background-enabled":"default","ast-page-background-meta":{"desktop":{"background-color":"var(--ast-global-color-5)","background-image":"","background-repeat":"repeat","background-position":"center center","background-size":"auto","background-attachment":"scroll","background-type":"","background-media":"","overlay-type":"","overlay-color":"","overlay-opacity":"","overlay-gradient":""},"tablet":{"background-color":"","background-image":"","background-repeat":"repeat","background-position":"center center","background-size":"auto","background-attachment":"scroll","background-type":"","background-media":"","overlay-type":"","overlay-color":"","overlay-opacity":"","overlay-gradient":""},"mobile":{"background-color":"","background-image":"","background-repeat":"repeat","background-position":"center center","background-size":"auto","background-attachment":"scroll","background-type":"","background-media":"","overlay-type":"","overlay-color":"","overlay-opacity":"","overlay-gradient":""}},"ast-content-background-meta":{"desktop":{"background-color":"var(--ast-global-color-4)","background-image":"","background-repeat":"repeat","background-position":"center center","background-size":"auto","background-attachment":"scroll","background-type":"","background-media":"","overlay-type":"","overlay-color":"","overlay-opacity":"","overlay-gradient":""},"tablet":{"background-color":"var(--ast-global-color-4)","background-image":"","background-repeat":"repeat","background-position":"center center","background-size":"auto","background-attachment":"scroll","background-type":"","background-media":"","overlay-type":"","overlay-color":"","overlay-opacity":"","overlay-gradient":""},"mobile":{"background-color":"var(--ast-global-color-4)","background-image":"","background-repeat":"repeat","background-position":"center center","background-size":"auto","background-attachment":"scroll","background-type":"","background-media":"","overlay-type":"","overlay-color":"","overlay-opacity":"","overlay-gradient":""}},"footnotes":""},"class_list":["post-2","page","type-page","status-publish","hentry"],"yoast_head":"<!-- This site is optimized with the Yoast SEO plugin v27.3 - https:\/\/yoast.com\/product\/yoast-seo-wordpress\/ -->\n<title>R\u00e9cits biographiques et conseil en \u00e9criture - De l&#039;aide pour \u00e9crire ? Votre \u00e9crivain public - biographe ici<\/title>\n<meta name=\"description\" content=\"Les biographies repr\u00e9sentent des \u00e9crits destin\u00e9s \u00e0 transmettre, partager, se souvenir ou t\u00e9moigner d&#039;\u00e9poques r\u00e9volues. La famille appr\u00e9ciera.\" \/>\n<meta name=\"robots\" content=\"index, follow, max-snippet:-1, max-image-preview:large, max-video-preview:-1\" \/>\n<link rel=\"canonical\" href=\"https:\/\/ecrireetconseiller.fr\/index.php\/recits\/\" \/>\n<meta property=\"og:locale\" content=\"en_US\" \/>\n<meta property=\"og:type\" content=\"article\" \/>\n<meta property=\"og:title\" content=\"R\u00e9cits biographiques et conseil en \u00e9criture - De l&#039;aide pour \u00e9crire ? Votre \u00e9crivain public - biographe ici\" \/>\n<meta property=\"og:description\" content=\"Les biographies repr\u00e9sentent des \u00e9crits destin\u00e9s \u00e0 transmettre, partager, se souvenir ou t\u00e9moigner d&#039;\u00e9poques r\u00e9volues. La famille appr\u00e9ciera.\" \/>\n<meta property=\"og:url\" content=\"https:\/\/ecrireetconseiller.fr\/index.php\/recits\/\" \/>\n<meta property=\"og:site_name\" content=\"De l&#039;aide pour \u00e9crire ? Votre \u00e9crivain public - biographe ici\" \/>\n<meta property=\"article:publisher\" content=\"https:\/\/www.facebook.com\/vandaeleflorian\" \/>\n<meta property=\"article:modified_time\" content=\"2025-06-05T13:03:12+00:00\" \/>\n<meta name=\"twitter:card\" content=\"summary_large_image\" \/>\n<meta name=\"twitter:label1\" content=\"Est. reading time\" \/>\n\t<meta name=\"twitter:data1\" content=\"3 minutes\" \/>\n<script type=\"application\/ld+json\" class=\"yoast-schema-graph\">{\"@context\":\"https:\\\/\\\/schema.org\",\"@graph\":[{\"@type\":\"WebPage\",\"@id\":\"https:\\\/\\\/ecrireetconseiller.fr\\\/index.php\\\/recits\\\/\",\"url\":\"https:\\\/\\\/ecrireetconseiller.fr\\\/index.php\\\/recits\\\/\",\"name\":\"R\u00e9cits biographiques et conseil en \u00e9criture - De l&#039;aide pour \u00e9crire ? Votre \u00e9crivain public - biographe ici\",\"isPartOf\":{\"@id\":\"https:\\\/\\\/ecrireetconseiller.fr\\\/#website\"},\"datePublished\":\"2025-02-26T09:59:37+00:00\",\"dateModified\":\"2025-06-05T13:03:12+00:00\",\"description\":\"Les biographies repr\u00e9sentent des \u00e9crits destin\u00e9s \u00e0 transmettre, partager, se souvenir ou t\u00e9moigner d'\u00e9poques r\u00e9volues. La famille appr\u00e9ciera.\",\"breadcrumb\":{\"@id\":\"https:\\\/\\\/ecrireetconseiller.fr\\\/index.php\\\/recits\\\/#breadcrumb\"},\"inLanguage\":\"en-US\",\"potentialAction\":[{\"@type\":\"ReadAction\",\"target\":[\"https:\\\/\\\/ecrireetconseiller.fr\\\/index.php\\\/recits\\\/\"]}]},{\"@type\":\"BreadcrumbList\",\"@id\":\"https:\\\/\\\/ecrireetconseiller.fr\\\/index.php\\\/recits\\\/#breadcrumb\",\"itemListElement\":[{\"@type\":\"ListItem\",\"position\":1,\"name\":\"Accueil\",\"item\":\"https:\\\/\\\/ecrireetconseiller.fr\\\/\"},{\"@type\":\"ListItem\",\"position\":2,\"name\":\"R\u00e9cits biographiques et conseil en \u00e9criture\"}]},{\"@type\":\"WebSite\",\"@id\":\"https:\\\/\\\/ecrireetconseiller.fr\\\/#website\",\"url\":\"https:\\\/\\\/ecrireetconseiller.fr\\\/\",\"name\":\"Ecrire et conseiller\",\"description\":\"Pour tous vos besoins en biographie, comptes-rendus, conseil, relecture et \u00e9criture, voici mon num\u00e9ro : 06.08.91.13.74\",\"publisher\":{\"@id\":\"https:\\\/\\\/ecrireetconseiller.fr\\\/#organization\"},\"potentialAction\":[{\"@type\":\"SearchAction\",\"target\":{\"@type\":\"EntryPoint\",\"urlTemplate\":\"https:\\\/\\\/ecrireetconseiller.fr\\\/?s={search_term_string}\"},\"query-input\":{\"@type\":\"PropertyValueSpecification\",\"valueRequired\":true,\"valueName\":\"search_term_string\"}}],\"inLanguage\":\"en-US\"},{\"@type\":\"Organization\",\"@id\":\"https:\\\/\\\/ecrireetconseiller.fr\\\/#organization\",\"name\":\"Ecrire et conseiller\",\"url\":\"https:\\\/\\\/ecrireetconseiller.fr\\\/\",\"logo\":{\"@type\":\"ImageObject\",\"inLanguage\":\"en-US\",\"@id\":\"https:\\\/\\\/ecrireetconseiller.fr\\\/#\\\/schema\\\/logo\\\/image\\\/\",\"url\":\"https:\\\/\\\/ecrireetconseiller.fr\\\/wp-content\\\/uploads\\\/2025\\\/05\\\/cropped-cropped-Sans-titre-1-1.webp\",\"contentUrl\":\"https:\\\/\\\/ecrireetconseiller.fr\\\/wp-content\\\/uploads\\\/2025\\\/05\\\/cropped-cropped-Sans-titre-1-1.webp\",\"width\":597,\"height\":220,\"caption\":\"Ecrire et conseiller\"},\"image\":{\"@id\":\"https:\\\/\\\/ecrireetconseiller.fr\\\/#\\\/schema\\\/logo\\\/image\\\/\"},\"sameAs\":[\"https:\\\/\\\/www.facebook.com\\\/vandaeleflorian\",\"https:\\\/\\\/www.linkedin.com\\\/in\\\/florian-vandaele-a094b1122\\\/\"]}]}<\/script>\n<!-- \/ Yoast SEO plugin. -->","yoast_head_json":{"title":"R\u00e9cits biographiques et conseil en \u00e9criture - De l&#039;aide pour \u00e9crire ? Votre \u00e9crivain public - biographe ici","description":"Les biographies repr\u00e9sentent des \u00e9crits destin\u00e9s \u00e0 transmettre, partager, se souvenir ou t\u00e9moigner d'\u00e9poques r\u00e9volues. La famille appr\u00e9ciera.","robots":{"index":"index","follow":"follow","max-snippet":"max-snippet:-1","max-image-preview":"max-image-preview:large","max-video-preview":"max-video-preview:-1"},"canonical":"https:\/\/ecrireetconseiller.fr\/index.php\/recits\/","og_locale":"en_US","og_type":"article","og_title":"R\u00e9cits biographiques et conseil en \u00e9criture - De l&#039;aide pour \u00e9crire ? Votre \u00e9crivain public - biographe ici","og_description":"Les biographies repr\u00e9sentent des \u00e9crits destin\u00e9s \u00e0 transmettre, partager, se souvenir ou t\u00e9moigner d'\u00e9poques r\u00e9volues. La famille appr\u00e9ciera.","og_url":"https:\/\/ecrireetconseiller.fr\/index.php\/recits\/","og_site_name":"De l&#039;aide pour \u00e9crire ? Votre \u00e9crivain public - biographe ici","article_publisher":"https:\/\/www.facebook.com\/vandaeleflorian","article_modified_time":"2025-06-05T13:03:12+00:00","twitter_card":"summary_large_image","twitter_misc":{"Est. reading time":"3 minutes"},"schema":{"@context":"https:\/\/schema.org","@graph":[{"@type":"WebPage","@id":"https:\/\/ecrireetconseiller.fr\/index.php\/recits\/","url":"https:\/\/ecrireetconseiller.fr\/index.php\/recits\/","name":"R\u00e9cits biographiques et conseil en \u00e9criture - De l&#039;aide pour \u00e9crire ? Votre \u00e9crivain public - biographe ici","isPartOf":{"@id":"https:\/\/ecrireetconseiller.fr\/#website"},"datePublished":"2025-02-26T09:59:37+00:00","dateModified":"2025-06-05T13:03:12+00:00","description":"Les biographies repr\u00e9sentent des \u00e9crits destin\u00e9s \u00e0 transmettre, partager, se souvenir ou t\u00e9moigner d'\u00e9poques r\u00e9volues. La famille appr\u00e9ciera.","breadcrumb":{"@id":"https:\/\/ecrireetconseiller.fr\/index.php\/recits\/#breadcrumb"},"inLanguage":"en-US","potentialAction":[{"@type":"ReadAction","target":["https:\/\/ecrireetconseiller.fr\/index.php\/recits\/"]}]},{"@type":"BreadcrumbList","@id":"https:\/\/ecrireetconseiller.fr\/index.php\/recits\/#breadcrumb","itemListElement":[{"@type":"ListItem","position":1,"name":"Accueil","item":"https:\/\/ecrireetconseiller.fr\/"},{"@type":"ListItem","position":2,"name":"R\u00e9cits biographiques et conseil en \u00e9criture"}]},{"@type":"WebSite","@id":"https:\/\/ecrireetconseiller.fr\/#website","url":"https:\/\/ecrireetconseiller.fr\/","name":"Ecrire et conseiller","description":"Pour tous vos besoins en biographie, comptes-rendus, conseil, relecture et \u00e9criture, voici mon num\u00e9ro : 06.08.91.13.74","publisher":{"@id":"https:\/\/ecrireetconseiller.fr\/#organization"},"potentialAction":[{"@type":"SearchAction","target":{"@type":"EntryPoint","urlTemplate":"https:\/\/ecrireetconseiller.fr\/?s={search_term_string}"},"query-input":{"@type":"PropertyValueSpecification","valueRequired":true,"valueName":"search_term_string"}}],"inLanguage":"en-US"},{"@type":"Organization","@id":"https:\/\/ecrireetconseiller.fr\/#organization","name":"Ecrire et conseiller","url":"https:\/\/ecrireetconseiller.fr\/","logo":{"@type":"ImageObject","inLanguage":"en-US","@id":"https:\/\/ecrireetconseiller.fr\/#\/schema\/logo\/image\/","url":"https:\/\/ecrireetconseiller.fr\/wp-content\/uploads\/2025\/05\/cropped-cropped-Sans-titre-1-1.webp","contentUrl":"https:\/\/ecrireetconseiller.fr\/wp-content\/uploads\/2025\/05\/cropped-cropped-Sans-titre-1-1.webp","width":597,"height":220,"caption":"Ecrire et conseiller"},"image":{"@id":"https:\/\/ecrireetconseiller.fr\/#\/schema\/logo\/image\/"},"sameAs":["https:\/\/www.facebook.com\/vandaeleflorian","https:\/\/www.linkedin.com\/in\/florian-vandaele-a094b1122\/"]}]}},"_links":{"self":[{"href":"https:\/\/ecrireetconseiller.fr\/index.php\/wp-json\/wp\/v2\/pages\/2","targetHints":{"allow":["GET"]}}],"collection":[{"href":"https:\/\/ecrireetconseiller.fr\/index.php\/wp-json\/wp\/v2\/pages"}],"about":[{"href":"https:\/\/ecrireetconseiller.fr\/index.php\/wp-json\/wp\/v2\/types\/page"}],"author":[{"embeddable":true,"href":"https:\/\/ecrireetconseiller.fr\/index.php\/wp-json\/wp\/v2\/users\/1"}],"replies":[{"embeddable":true,"href":"https:\/\/ecrireetconseiller.fr\/index.php\/wp-json\/wp\/v2\/comments?post=2"}],"version-history":[{"count":8,"href":"https:\/\/ecrireetconseiller.fr\/index.php\/wp-json\/wp\/v2\/pages\/2\/revisions"}],"predecessor-version":[{"id":1112,"href":"https:\/\/ecrireetconseiller.fr\/index.php\/wp-json\/wp\/v2\/pages\/2\/revisions\/1112"}],"wp:attachment":[{"href":"https:\/\/ecrireetconseiller.fr\/index.php\/wp-json\/wp\/v2\/media?parent=2"}],"curies":[{"name":"wp","href":"https:\/\/api.w.org\/{rel}","templated":true}]}}